{"id":713,"date":"2022-11-10T15:58:36","date_gmt":"2022-11-10T14:58:36","guid":{"rendered":"https:\/\/sk.comline-elektronik.de\/impressum-2\/"},"modified":"2022-11-14T14:23:45","modified_gmt":"2022-11-14T13:23:45","slug":"impressum","status":"publish","type":"page","link":"https:\/\/sk.comline-elektronik.de\/de\/impressum\/","title":{"rendered":"Impressum"},"content":{"rendered":"\t\t<div data-elementor-type=\"wp-page\" data-elementor-id=\"713\" class=\"elementor elementor-713\">\n\t\t\t\t\t\t<section class=\"elementor-section elementor-top-section elementor-element elementor-element-3bc14faf elementor-section-boxed elementor-section-height-default elementor-section-height-default\" data-id=\"3bc14faf\" data-element_type=\"section\">\n\t\t\t\t\t\t<div class=\"elementor-container elementor-column-gap-default\">\n\t\t\t\t\t<div class=\"elementor-column elementor-col-100 elementor-top-column elementor-element elementor-element-cd3dcd6\" data-id=\"cd3dcd6\" data-element_type=\"column\">\n\t\t\t<div class=\"elementor-widget-wrap elementor-element-populated\">\n\t\t\t\t\t\t<div class=\"elementor-element elementor-element-57d53ac7 elementor-widget elementor-widget-heading\" data-id=\"57d53ac7\" data-element_type=\"widget\" data-widget_type=\"heading.default\">\n\t\t\t\t<div class=\"elementor-widget-container\">\n\t\t\t\t\t<h1 class=\"elementor-heading-title elementor-size-default\">Impressum<\/h1>\t\t\t\t<\/div>\n\t\t\t\t<\/div>\n\t\t\t\t<div class=\"elementor-element elementor-element-18bab8e4 elementor-widget elementor-widget-text-editor\" data-id=\"18bab8e4\" data-element_type=\"widget\" data-widget_type=\"text-editor.default\">\n\t\t\t\t<div class=\"elementor-widget-container\">\n\t\t\t\t\t\t\t\t\t<h4>Comline Elektronik s.r.o.<\/h4><p>Vertreten durch den Gesch\u00e4ftsf\u00fchrer Benjamin Wiesent<\/p><p>Priemyseln\u00e1 1054\/14<br \/>Michalovce 071 01<br \/>Slowakei<\/p><p>Tel: +421 (0)56 321 132-0<br \/>info@comline-elektronik.sk<\/p><p>I\u010c DPH: SK212 164 2380<br \/>I\u010cO: 54 365 635<br \/>obchodn\u00fd register: Ko\u0161ice I<br \/>\u010c\u00edslo vlo\u017eky: 53335\/V<\/p><p>Verantwortlich f\u00fcr den Inhalt nach \u00a7 55 Abs. 2 RStV: Benjamin Wiesent (Adresse wie oben)<\/p><div>\u00a0<\/div><h4>Gestaltung der Webseite, Fotos und Text<\/h4><p><a title=\"zweckdesign werbeagentur | fotografie | videoproduktion aus amberg\" href=\"http:\/\/www.zweckdesign.com\" target=\"_blank\" rel=\"noopener\">zweckdesign werbeagentur | fotografie | videoproduktion<\/a><br \/>Sebastianstra\u00dfe 14<br \/>92224 Amberg<\/p><div>\u00a0<\/div><div><div><h4>Rechtliches<\/h4><p><b>Haftung f\u00fcr Inhalte<\/b><br \/>Die Inhalte unserer Seiten wurden mit gr\u00f6\u00dfter Sorgfalt erstellt. F\u00fcr die Richtigkeit, Vollst\u00e4nigkeit und Aktualit\u00e4t der Inhalte k\u00f6nnen wir jedoch keine Gew\u00e4hr \u00fcbernehmen. Als Diensteanbieter sind wir gem\u00e4\u00df \u00a7 7 Abs.1 TMG f\u00fcr eigene Inhalte auf diesen Seiten nach den allgemeinen Gesetzen verantwortlich. Nach \u00a7\u00a7 8 bis 10 TMG sind wir als Diensteanbieter jedoch nicht verpflichtet, \u00fcbermittelte oder gespeicherte fremde Informationen zu \u00fcberwachen oder nach Umst\u00e4nden zu forschen, die auf eine rechtswidrige T\u00e4tigkeit hinweisen. Verpflichtungen zur Entfernung oder Sperrung der Nutzung von Informationen nach den allgemeinen Gesetzen bleiben hiervon unber\u00fchrt. Eine diesbez\u00fcgliche Haftung ist jedoch erst ab dem Zeitpunkt der Kenntnis einer konkreten Rechtsverletzung m\u00f6glich. Bei Bekanntwerden von entsprechenden Rechtsverletzungen werden wir diese Inhalte umgehend entfernen.<\/p><p><b>Haftung f\u00fcr Links<\/b><br \/>Unser Angebot enth\u00e4lt Links zu externen Webseiten Dritter, auf deren Inhalte wir keinen Einfluss haben. Deshalb k\u00f6nnen wir f\u00fcr diese fremden Inhalte auch keine Gew\u00e4hr \u00fcbernehmen. F\u00fcr die Inhalte der verlinkten Seiten ist stets der jeweilige Anbieter oder Betreiber der Seiten verantwortlich. Die verlinkten Seiten wurden zum Zeitpunkt der Verlinkung auf m\u00f6gliche Rechtsverst\u00f6\u00dfe \u00fcberpr\u00fcft. Rechtswidrige Inhalte waren zum Zeitpunkt der Verlinkung nicht erkennbar. Eine permanente inhaltliche Kontrolle der verlinkten Seiten ist jedoch ohne konkrete Anhaltspunkte einer Rechtsverletzung nicht zumutbar. Bei Bekanntwerden von Rechtsverletzungen werden wir derartige Links umgehend entfernen.<\/p><p><b>Urheberrecht<\/b><br \/>Die durch die Seitenbetreiber erstellten Inhalte und Werke auf diesen Seiten unterliegen dem deutschen Urheberrecht. Die Vervielf\u00e4ltigung, Bearbeitung, Verbreitung und jede Art der Verwertung au\u00dferhalb der Grenzen des Urheberrechtes bed\u00fcrfen der schriftlichen Zustimmung des jeweiligen Autors bzw. Erstellers. Downloads und Kopien dieser Seite sind nur f\u00fcr den privaten, nicht kommerziellen Gebrauch gestattet. Soweit die Inhalte auf dieser Seite nicht vom Betreiber erstellt wurden, werden die Urheberrechte Dritter beachtet. Insbesondere werden Inhalte Dritter als solche gekennzeichnet. Sollten Sie trotzdem auf eine Urheberrechtsverletzung aufmerksam werden, bitten wir um einen entsprechenden Hinweis. Bei Bekanntwerden von Rechtsverletzungen werden wir derartige Inhalte umgehend entfernen.<\/p><p><b>Datenschutz<\/b><br \/>Die Nutzung unserer Webseite ist in der Regel ohne Angabe personenbezogener Daten m\u00f6glich. Soweit auf unseren Seiten personenbezogene Daten (beispielsweise Name, Anschrift oder eMail-Adressen) erhoben werden, erfolgt dies, soweit m\u00f6glich, stets auf freiwilliger Basis. Diese Daten werden ohne Ihre ausdr\u00fcckliche Zustimmung nicht an Dritte weitergegeben.<\/p><p>Wir weisen darauf hin, dass die Daten\u00fcbertragung im Internet (z.B. bei der Kommunikation per E-Mail) Sicherheitsl\u00fccken aufweisen kann. Ein l\u00fcckenloser Schutz der Daten vor dem Zugriff durch Dritte ist nicht m\u00f6glich.<\/p><p>Der Nutzung von im Rahmen der Impressumspflicht ver\u00f6ffentlichten Kontaktdaten durch Dritte zur \u00dcbersendung von nicht ausdr\u00fccklich angeforderter Werbung und Informationsmaterialien wird hiermit ausdr\u00fccklich widersprochen. Die Betreiber der Seiten behalten sich ausdr\u00fccklich rechtliche Schritte im Falle der unverlangten Zusendung von Werbeinformationen, etwa durch Spam-Mails, vor.<\/p><p><strong>Quelle:<\/strong> Disclaimer und Impressum generiert von eRecht24.de (Rechtsanwalt S\u00f6ren Siebert)<\/p><\/div><\/div>\t\t\t\t\t\t\t\t<\/div>\n\t\t\t\t<\/div>\n\t\t\t\t\t<\/div>\n\t\t<\/div>\n\t\t\t\t\t<\/div>\n\t\t<\/section>\n\t\t\t\t<\/div>\n\t\t","protected":false},"excerpt":{"rendered":"<p>Impressum Comline Elektronik s.r.o. Vertreten durch den Gesch\u00e4ftsf\u00fchrer Benjamin Wiesent Priemyseln\u00e1 1054\/14Michalovce 071 01Slowakei Tel: +421 (0)56 321 132-0info@comline-elektronik.sk I\u010c DPH: SK212 164 2380I\u010cO: 54 365 635obchodn\u00fd register: Ko\u0161ice I\u010c\u00edslo vlo\u017eky: 53335\/V Verantwortlich f\u00fcr den Inhalt nach \u00a7 55 Abs. 2 RStV: Benjamin Wiesent (Adresse wie oben) \u00a0 Gestaltung der Webseite, Fotos und Text zweckdesign [&hellip;]<\/p>\n","protected":false},"author":2,"featured_media":0,"parent":0,"menu_order":0,"comment_status":"closed","ping_status":"closed","template":"","meta":{"footnotes":""},"class_list":["post-713","page","type-page","status-publish","hentry"],"yoast_head":"<!-- This site is optimized with the Yoast SEO plugin v27.0 - https:\/\/yoast.com\/product\/yoast-seo-wordpress\/ -->\n<title>Impressum - Comline Elektronik s.r.o.<\/title>\n<meta name=\"robots\" content=\"index, follow, max-snippet:-1, max-image-preview:large, max-video-preview:-1\" \/>\n<link rel=\"canonical\" href=\"https:\/\/sk.comline-elektronik.de\/de\/impressum\/\" \/>\n<meta property=\"og:locale\" content=\"de_DE\" \/>\n<meta property=\"og:type\" content=\"article\" \/>\n<meta property=\"og:title\" content=\"Impressum - Comline Elektronik s.r.o.\" \/>\n<meta property=\"og:description\" content=\"Impressum Comline Elektronik s.r.o. Vertreten durch den Gesch\u00e4ftsf\u00fchrer Benjamin Wiesent Priemyseln\u00e1 1054\/14Michalovce 071 01Slowakei Tel: +421 (0)56 321 132-0info@comline-elektronik.sk I\u010c DPH: SK212 164 2380I\u010cO: 54 365 635obchodn\u00fd register: Ko\u0161ice I\u010c\u00edslo vlo\u017eky: 53335\/V Verantwortlich f\u00fcr den Inhalt nach \u00a7 55 Abs. 2 RStV: Benjamin Wiesent (Adresse wie oben) \u00a0 Gestaltung der Webseite, Fotos und Text zweckdesign [&hellip;]\" \/>\n<meta property=\"og:url\" content=\"https:\/\/sk.comline-elektronik.de\/de\/impressum\/\" \/>\n<meta property=\"og:site_name\" content=\"Comline Elektronik s.r.o.\" \/>\n<meta property=\"article:modified_time\" content=\"2022-11-14T13:23:45+00:00\" \/>\n<meta name=\"twitter:card\" content=\"summary_large_image\" \/>\n<meta name=\"twitter:label1\" content=\"Gesch\u00e4tzte Lesezeit\" \/>\n\t<meta name=\"twitter:data1\" content=\"3\u00a0Minuten\" \/>\n<script type=\"application\/ld+json\" class=\"yoast-schema-graph\">{\"@context\":\"https:\/\/schema.org\",\"@graph\":[{\"@type\":\"WebPage\",\"@id\":\"https:\/\/sk.comline-elektronik.de\/de\/impressum\/\",\"url\":\"https:\/\/sk.comline-elektronik.de\/de\/impressum\/\",\"name\":\"Impressum - Comline Elektronik s.r.o.\",\"isPartOf\":{\"@id\":\"https:\/\/sk.comline-elektronik.de\/#website\"},\"datePublished\":\"2022-11-10T14:58:36+00:00\",\"dateModified\":\"2022-11-14T13:23:45+00:00\",\"breadcrumb\":{\"@id\":\"https:\/\/sk.comline-elektronik.de\/de\/impressum\/#breadcrumb\"},\"inLanguage\":\"de\",\"potentialAction\":[{\"@type\":\"ReadAction\",\"target\":[\"https:\/\/sk.comline-elektronik.de\/de\/impressum\/\"]}]},{\"@type\":\"BreadcrumbList\",\"@id\":\"https:\/\/sk.comline-elektronik.de\/de\/impressum\/#breadcrumb\",\"itemListElement\":[{\"@type\":\"ListItem\",\"position\":1,\"name\":\"Startseite\",\"item\":\"https:\/\/sk.comline-elektronik.de\/de\/\"},{\"@type\":\"ListItem\",\"position\":2,\"name\":\"Impressum\"}]},{\"@type\":\"WebSite\",\"@id\":\"https:\/\/sk.comline-elektronik.de\/#website\",\"url\":\"https:\/\/sk.comline-elektronik.de\/\",\"name\":\"Comline Elektronik s.r.o.\",\"description\":\"Eine weitere Comline Elektronik Elektrotechnik Website\",\"publisher\":{\"@id\":\"https:\/\/sk.comline-elektronik.de\/#organization\"},\"potentialAction\":[{\"@type\":\"SearchAction\",\"target\":{\"@type\":\"EntryPoint\",\"urlTemplate\":\"https:\/\/sk.comline-elektronik.de\/?s={search_term_string}\"},\"query-input\":{\"@type\":\"PropertyValueSpecification\",\"valueRequired\":true,\"valueName\":\"search_term_string\"}}],\"inLanguage\":\"de\"},{\"@type\":\"Organization\",\"@id\":\"https:\/\/sk.comline-elektronik.de\/#organization\",\"name\":\"Comline Elektronik s.r.o.\",\"url\":\"https:\/\/sk.comline-elektronik.de\/\",\"logo\":{\"@type\":\"ImageObject\",\"inLanguage\":\"de\",\"@id\":\"https:\/\/sk.comline-elektronik.de\/#\/schema\/logo\/image\/\",\"url\":\"https:\/\/sk.comline-elektronik.de\/wp-content\/uploads\/sites\/6\/2022\/11\/Comline-sro_Logo_200px-opt.jpg\",\"contentUrl\":\"https:\/\/sk.comline-elektronik.de\/wp-content\/uploads\/sites\/6\/2022\/11\/Comline-sro_Logo_200px-opt.jpg\",\"width\":200,\"height\":88,\"caption\":\"Comline Elektronik s.r.o.\"},\"image\":{\"@id\":\"https:\/\/sk.comline-elektronik.de\/#\/schema\/logo\/image\/\"}}]}<\/script>\n<!-- \/ Yoast SEO plugin. -->","yoast_head_json":{"title":"Impressum - Comline Elektronik s.r.o.","robots":{"index":"index","follow":"follow","max-snippet":"max-snippet:-1","max-image-preview":"max-image-preview:large","max-video-preview":"max-video-preview:-1"},"canonical":"https:\/\/sk.comline-elektronik.de\/de\/impressum\/","og_locale":"de_DE","og_type":"article","og_title":"Impressum - Comline Elektronik s.r.o.","og_description":"Impressum Comline Elektronik s.r.o. Vertreten durch den Gesch\u00e4ftsf\u00fchrer Benjamin Wiesent Priemyseln\u00e1 1054\/14Michalovce 071 01Slowakei Tel: +421 (0)56 321 132-0info@comline-elektronik.sk I\u010c DPH: SK212 164 2380I\u010cO: 54 365 635obchodn\u00fd register: Ko\u0161ice I\u010c\u00edslo vlo\u017eky: 53335\/V Verantwortlich f\u00fcr den Inhalt nach \u00a7 55 Abs. 2 RStV: Benjamin Wiesent (Adresse wie oben) \u00a0 Gestaltung der Webseite, Fotos und Text zweckdesign [&hellip;]","og_url":"https:\/\/sk.comline-elektronik.de\/de\/impressum\/","og_site_name":"Comline Elektronik s.r.o.","article_modified_time":"2022-11-14T13:23:45+00:00","twitter_card":"summary_large_image","twitter_misc":{"Gesch\u00e4tzte Lesezeit":"3\u00a0Minuten"},"schema":{"@context":"https:\/\/schema.org","@graph":[{"@type":"WebPage","@id":"https:\/\/sk.comline-elektronik.de\/de\/impressum\/","url":"https:\/\/sk.comline-elektronik.de\/de\/impressum\/","name":"Impressum - Comline Elektronik s.r.o.","isPartOf":{"@id":"https:\/\/sk.comline-elektronik.de\/#website"},"datePublished":"2022-11-10T14:58:36+00:00","dateModified":"2022-11-14T13:23:45+00:00","breadcrumb":{"@id":"https:\/\/sk.comline-elektronik.de\/de\/impressum\/#breadcrumb"},"inLanguage":"de","potentialAction":[{"@type":"ReadAction","target":["https:\/\/sk.comline-elektronik.de\/de\/impressum\/"]}]},{"@type":"BreadcrumbList","@id":"https:\/\/sk.comline-elektronik.de\/de\/impressum\/#breadcrumb","itemListElement":[{"@type":"ListItem","position":1,"name":"Startseite","item":"https:\/\/sk.comline-elektronik.de\/de\/"},{"@type":"ListItem","position":2,"name":"Impressum"}]},{"@type":"WebSite","@id":"https:\/\/sk.comline-elektronik.de\/#website","url":"https:\/\/sk.comline-elektronik.de\/","name":"Comline Elektronik s.r.o.","description":"Eine weitere Comline Elektronik Elektrotechnik Website","publisher":{"@id":"https:\/\/sk.comline-elektronik.de\/#organization"},"potentialAction":[{"@type":"SearchAction","target":{"@type":"EntryPoint","urlTemplate":"https:\/\/sk.comline-elektronik.de\/?s={search_term_string}"},"query-input":{"@type":"PropertyValueSpecification","valueRequired":true,"valueName":"search_term_string"}}],"inLanguage":"de"},{"@type":"Organization","@id":"https:\/\/sk.comline-elektronik.de\/#organization","name":"Comline Elektronik s.r.o.","url":"https:\/\/sk.comline-elektronik.de\/","logo":{"@type":"ImageObject","inLanguage":"de","@id":"https:\/\/sk.comline-elektronik.de\/#\/schema\/logo\/image\/","url":"https:\/\/sk.comline-elektronik.de\/wp-content\/uploads\/sites\/6\/2022\/11\/Comline-sro_Logo_200px-opt.jpg","contentUrl":"https:\/\/sk.comline-elektronik.de\/wp-content\/uploads\/sites\/6\/2022\/11\/Comline-sro_Logo_200px-opt.jpg","width":200,"height":88,"caption":"Comline Elektronik s.r.o."},"image":{"@id":"https:\/\/sk.comline-elektronik.de\/#\/schema\/logo\/image\/"}}]}},"_links":{"self":[{"href":"https:\/\/sk.comline-elektronik.de\/de\/wp-json\/wp\/v2\/pages\/713","targetHints":{"allow":["GET"]}}],"collection":[{"href":"https:\/\/sk.comline-elektronik.de\/de\/wp-json\/wp\/v2\/pages"}],"about":[{"href":"https:\/\/sk.comline-elektronik.de\/de\/wp-json\/wp\/v2\/types\/page"}],"author":[{"embeddable":true,"href":"https:\/\/sk.comline-elektronik.de\/de\/wp-json\/wp\/v2\/users\/2"}],"replies":[{"embeddable":true,"href":"https:\/\/sk.comline-elektronik.de\/de\/wp-json\/wp\/v2\/comments?post=713"}],"version-history":[{"count":6,"href":"https:\/\/sk.comline-elektronik.de\/de\/wp-json\/wp\/v2\/pages\/713\/revisions"}],"predecessor-version":[{"id":798,"href":"https:\/\/sk.comline-elektronik.de\/de\/wp-json\/wp\/v2\/pages\/713\/revisions\/798"}],"wp:attachment":[{"href":"https:\/\/sk.comline-elektronik.de\/de\/wp-json\/wp\/v2\/media?parent=713"}],"curies":[{"name":"wp","href":"https:\/\/api.w.org\/{rel}","templated":true}]}}