{"id":710,"date":"2022-11-10T15:58:36","date_gmt":"2022-11-10T14:58:36","guid":{"rendered":"https:\/\/sk.comline-elektronik.de\/datenschutz-2\/"},"modified":"2022-11-15T15:36:33","modified_gmt":"2022-11-15T14:36:33","slug":"datenschutz","status":"publish","type":"page","link":"https:\/\/sk.comline-elektronik.de\/de\/datenschutz\/","title":{"rendered":"Datenschutz"},"content":{"rendered":"\t\t<div data-elementor-type=\"wp-page\" data-elementor-id=\"710\" class=\"elementor elementor-710\">\n\t\t\t\t\t\t<section class=\"elementor-section elementor-top-section elementor-element elementor-element-6b082153 elementor-section-boxed elementor-section-height-default elementor-section-height-default\" data-id=\"6b082153\" data-element_type=\"section\" data-e-type=\"section\">\n\t\t\t\t\t\t<div class=\"elementor-container elementor-column-gap-default\">\n\t\t\t\t\t<div class=\"elementor-column elementor-col-100 elementor-top-column elementor-element elementor-element-2aea5de0\" data-id=\"2aea5de0\" data-element_type=\"column\" data-e-type=\"column\">\n\t\t\t<div class=\"elementor-widget-wrap elementor-element-populated\">\n\t\t\t\t\t\t<div class=\"elementor-element elementor-element-13095178 elementor-widget elementor-widget-heading\" data-id=\"13095178\" data-element_type=\"widget\" data-e-type=\"widget\" data-widget_type=\"heading.default\">\n\t\t\t\t<div class=\"elementor-widget-container\">\n\t\t\t\t\t<h2 class=\"elementor-heading-title elementor-size-default\">Datenschutzerkl\u00e4rung<\/h2>\t\t\t\t<\/div>\n\t\t\t\t<\/div>\n\t\t\t\t<div class=\"elementor-element elementor-element-527785a5 elementor-widget elementor-widget-text-editor\" data-id=\"527785a5\" data-element_type=\"widget\" data-e-type=\"widget\" data-widget_type=\"text-editor.default\">\n\t\t\t\t<div class=\"elementor-widget-container\">\n\t\t\t\t\t\t\t\t\t<div id=\"content\" class=\"content\" role=\"main\"><div class=\"vc_row wpb_row vc_row-fluid dt-default\"><div class=\"wpb_column vc_column_container vc_col-sm-12\"><div class=\"vc_column-inner\"><div class=\"wpb_wrapper\"><div class=\"wpb_text_column wpb_content_element \"><div class=\"wpb_wrapper\"><h4>Datenschutz<\/h4><p>Wir freuen uns \u00fcber Ihren Besuch auf unserer Website und \u00fcber Ihr Interesse an unserem Angebot. Wir wollen, dass Sie sich auf unserer Website wohlf\u00fchlen und sich keine Sorgen \u00fcber die Vertraulichkeit Ihrer Daten machen m\u00fcssen. Wir f\u00fchlen uns dem Datenschutz sehr verpflichtet und halten Transparenz im Umgang mit Ihren Daten f\u00fcr sehr wichtig. Darum m\u00f6chten wir Sie gerne dar\u00fcber informieren, welche Daten wir erheben, zu welchem Zweck wir dies tun und wie Sie jederzeit die Kontrolle \u00fcber Ihre Daten aus\u00fcben k\u00f6nnen.<\/p><p>Sie k\u00f6nnen unsere Website nat\u00fcrlich besuchen, ohne Angaben \u00fcber Ihre Person zu machen oder zu hinterlassen. Die Datenschutzerkl\u00e4rung k\u00f6nnen Sie \u00fcber den Link am Fu\u00dfe jeder Seite aufrufen.<\/p><p>Personenbezogene Daten sind Einzelangaben \u00fcber pers\u00f6nliche oder sachliche Verh\u00e4ltnisse einer bestimmten oder bestimmbaren nat\u00fcrlichen Person. Wir verwenden Ihre personenbezogenen Daten im Rahmen des Besuchs unserer Website nur zum Betrieb und zur Optimierung unserer Website. Zu diesem Zweck wird die IP-Adresse, diverse technische Daten des Endger\u00e4ts (z.B. Betriebssystem, verwendeter Browser usw.) sowie Daten \u00fcber die Nutzung unserer Website erfasst. Wir speichern diese Daten nicht \u00fcber die gesetzlichen Aufbewahrungsfristen hinaus. Diese Datenspeicherung erfolgt ohne Personenbezug, das hei\u00dft, die Daten sind anonym und erlauben keinerlei R\u00fcckschl\u00fcsse auf Ihre Identit\u00e4t. Diese Information werten wir statistisch aus um die Nutzung unserer Website f\u00fcr alle Besucher noch angenehmer zu gestalten. Eine Verkn\u00fcpfung mit evtl. bereits bei uns gespeicherten personenbezogenen Daten findet nicht statt.<\/p><p>Bei allen Vorg\u00e4ngen der Datenverarbeitung, das hei\u00dft Datenerfassung, -speicherung und -nutzung, halten wir uns streng an die Anforderungen der europ\u00e4ischen Datenschutzgrundverordnung (Art. 13 Abs. 2 e EU-DSGVO). Personenbezogene Daten, die Sie uns anvertrauen, werden wir nie zu Marketingzwecken an Dritte verkaufen, vermieten oder Dritten \u00fcberlassen.<\/p><p><strong>Kontaktformular<\/strong><br \/>Beim Ausf\u00fcllen des Kontaktformulars stellen Sie uns personenbezogene Daten zur Verf\u00fcgung. Wir k\u00f6nnen folgende Arten von Daten erheben: Namen, E-Mail-Adresse, Telefonnummer, Firma. Wir nutzen diese Daten lediglich zur Beantwortung Ihrer speziellen Anfrage oder Anforderung und zur Bereitstellung von Informationen. Um Ihre Daten zu sch\u00fctzen, verwenden wir, bei der \u00dcbertragung an uns, ein anerkanntes Verschl\u00fcsselungsverfahren. Wir werden Ihre pers\u00f6nlichen Daten f\u00fcr den Zeitraum aufbewahren, der notwendig ist, um die in dieser Erkl\u00e4rung beschriebenen Zwecke zu erf\u00fcllen.<\/p><p><strong>Recht auf Berichtigung und L\u00f6schung<\/strong><br \/>Nach Art. 16,17 EU-DSGVO haben Sie jederzeit die M\u00f6glichkeit Ihre bei uns gespeicherten Daten berichtigen oder l\u00f6schen zu lassen. Hierzu gen\u00fcgt eine formlose E-Mail an comline-elektronik.sk oder ein Brief an Comline Elektronik s.r.o. Priemyseln\u00e1 1054\/14, Michalovce 071 01.<\/p><p>Wir werden Ihrem Wunsch unverz\u00fcglich nachkommen, weisen jedoch darauf hin, dass es in manchen F\u00e4llen (z.B. Versand von Newsletter) nicht immer m\u00f6glich ist, bereits laufende Aktionen zu stoppen, so dass es vorkommen kann, dass sie auch nach einem Widerruf Ihrerseits noch f\u00fcr einen kurzen Zeitraum Post oder E-Mail von uns bekommen. Wir bitten schon im Voraus, dies zu entschuldigen.<\/p><p><strong>Auskunftsrecht<\/strong><br \/>Nach Art. 15 EU-DSGVO k\u00f6nnen Sie jederzeit Auskunft dar\u00fcber erhalten, welche Daten wir \u00fcber Sie gespeichert haben, welchen Zweck die Datenverarbeitung hat und andere datenschutzrelevante Information. Sollten Sie eine solche Auskunft w\u00fcnschen, wenden Sie sich bitte an folgende Adresse: Comline Elektronik s.r.o. Priemyseln\u00e1 1054\/14, Michalovce 071 01.<\/p><p><strong>Widerspruchsrecht<\/strong><br \/>Nach Art. 21 EU-DSGVO haben Sie das Recht jederzeit gegen die Verarbeitung sie betreffender personenbezogener Daten Widerspruch einzulegen. Hierzu gen\u00fcgt eine formlose E-Mail an info@comline-elektronik.sk oder ein Brief an Comline Elektronik s.r.o. Priemyseln\u00e1 1054\/14, Michalovce 071 01.<\/p><p><strong>Recht auf Beschwerde bei einer Aufsichtsbeh\u00f6rde<\/strong><br \/>Sollten Sie der Ansicht sein, dass die Verarbeitung der sich betreffenden personenbezogenen Datgen gegem die EU-DSGVO vers\u00f6\u00dft, haben Sie das Recht auf Beschwerde bei einer Aufsichtsbeh\u00f6rde.<\/p><p>Bayerisches Landesamt f\u00fcr Datenschutzaufsicht (BayLDA)<br \/>Promenade 27\u202891522 Ansbach<br \/>Telefon +49 (0) 981 53 1300<br \/>E-Mail poststelle@lda.bayern.de<\/p><p><strong>Einsatz von Google Remarketing<\/strong><br \/>Diese Webseite verwendet die Remarketing-Funktion der Google Inc. Die Funktion dient dazu, Webseiten-Besuchern innerhalb des Google-Werbenetzwerks interessenbezogene Werbeanzeigen zu pr\u00e4sentieren. Im Browser des Webseiten-Besuchers wird ein sog. \u201eCookie\u201c gespeichert, das es erm\u00f6glicht, den Besucher wiederzuerkennen, wenn dieser Webseiten aufruft, die dem Werbenetzwerk von Google angeh\u00f6ren. Auf diesen Seiten k\u00f6nnen dem Besucher Werbeanzeigen pr\u00e4sentiert werden, die sich auf Inhalte beziehen, die der Besucher zuvor auf Webseiten aufgerufen hat, die die Remarketing-Funktion von Google verwenden.<\/p><p>Nach eigenen Angaben erhebt Google bei diesem Vorgang keine personenbezogenen Daten. Sollten Sie die Funktion Remarketing von Google dennoch nicht w\u00fcnschen, k\u00f6nnen Sie diese grunds\u00e4tzlich deaktivieren, indem Sie die entsprechenden Einstellungen unter http:\/\/www.google.com\/settings\/adsvornehmen. Alternativ k\u00f6nnen Sie den Einsatz von Cookies f\u00fcr interessenbezogene Werbung \u00fcber die Werbenetzwerkinitiative deaktivieren, indem Sie den Anweisungen unter http:\/\/www.networkadvertising.org\/managing\/opt_out.asp folgen.<\/p><p><strong>Cookies<\/strong><br \/>Wir verwenden auf unserer Website zwei Arten von Cookies: Session Cookies und permanente Cookies. Damit Sie entscheiden k\u00f6nnen, ob Sie uns das erlauben, wollen wir Ihnen kurz den Zweck dieser Cookies erl\u00e4utern. Cookies sind kurze Textschnipsel, die wir auf Ihrem Computer speichern. Cookies f\u00fchren keine Befehle auf Ihrem Computer aus, stellen also kein Sicherheitsrisiko dar.<br \/>Session Cookies speichern gewisse Informationen, w\u00e4hrend Sie auf unserer Website browsen und werden nicht permanent gespeichert, sondern wieder gel\u00f6scht, wenn Sie unsere Website verlassen.<br \/>Wir speichern auch ein permanentes Cookie auf Ihrem PC. Dieses Cookie enth\u00e4lt nur die Information, dass Sie bereits auf unserer Website waren. Diese Information ist f\u00fcr die Gestaltung unseres Angebots und unserer Werbemittel sehr wertvoll.<br \/>Sie k\u00f6nnen die Handhabung von Cookies in Ihrem Browser selbst festlegen, sie k\u00f6nnen Cookies sogar ganz ablehnen oder Ihren Browser so konfigurieren, dass Cookies regelm\u00e4\u00dfig gel\u00f6scht werden. Hierzu finden Sie im Internet ausreichend Information.<\/p><p><strong>Kinder<\/strong><br \/>Wir legen allen Eltern und Aufsichtspersonen nahe, ihre Kinder in den sicheren und verantwortungsbewussten Umgang mit personenbezogenen Daten im Internet einzuweisen. Ohne Zustimmung der Eltern oder der Aufsichtsperson sollten Kinder keine personenbezogenen Daten an die Website \u00fcbermitteln! Wir versichern ihnen, personenbezogene Daten von Kindern nicht wissentlich zu sammeln und in irgendeiner Weise zu verwenden oder Dritten gegen\u00fcber unberechtigt offen zu legen.<\/p><p><strong>Schlussbemerkung<\/strong><br \/>Ihr Vertrauen ist uns sehr wichtig und wir bedanken uns daf\u00fcr. Wir hoffen, wir konnten Ihnen mit dieser kurzen Erkl\u00e4rung einen positiven Eindruck zum Thema Datenschutz vermitteln. Sollten Sie dennoch Fragen haben, k\u00f6nnen Sie sich gerne an unseren externen Datenschutzbeauftragten wenden:<\/p><p>David Gabel<br \/>Am B\u00fcgerl 3<br \/>92431 Neunburg v. W.<br \/>E-Mail: david.gabel@audit27001.de<\/p><\/div><\/div><\/div><\/div><\/div><\/div><\/div>\t\t\t\t\t\t\t\t<\/div>\n\t\t\t\t<\/div>\n\t\t\t\t\t<\/div>\n\t\t<\/div>\n\t\t\t\t\t<\/div>\n\t\t<\/section>\n\t\t\t\t<\/div>\n\t\t","protected":false},"excerpt":{"rendered":"<p>Datenschutzerkl\u00e4rung Datenschutz Wir freuen uns \u00fcber Ihren Besuch auf unserer Website und \u00fcber Ihr Interesse an unserem Angebot. Wir wollen, dass Sie sich auf unserer Website wohlf\u00fchlen und sich keine Sorgen \u00fcber die Vertraulichkeit Ihrer Daten machen m\u00fcssen. Wir f\u00fchlen uns dem Datenschutz sehr verpflichtet und halten Transparenz im Umgang mit Ihren Daten f\u00fcr sehr [&hellip;]<\/p>\n","protected":false},"author":2,"featured_media":0,"parent":0,"menu_order":0,"comment_status":"closed","ping_status":"closed","template":"","meta":{"footnotes":""},"class_list":["post-710","page","type-page","status-publish","hentry"],"yoast_head":"<!-- This site is optimized with the Yoast SEO plugin v27.4 - https:\/\/yoast.com\/product\/yoast-seo-wordpress\/ -->\n<title>Datenschutz - Comline Elektronik s.r.o.<\/title>\n<meta name=\"robots\" content=\"index, follow, max-snippet:-1, max-image-preview:large, max-video-preview:-1\" \/>\n<link rel=\"canonical\" href=\"https:\/\/sk.comline-elektronik.de\/de\/datenschutz\/\" \/>\n<meta property=\"og:locale\" content=\"de_DE\" \/>\n<meta property=\"og:type\" content=\"article\" \/>\n<meta property=\"og:title\" content=\"Datenschutz - Comline Elektronik s.r.o.\" \/>\n<meta property=\"og:description\" content=\"Datenschutzerkl\u00e4rung Datenschutz Wir freuen uns \u00fcber Ihren Besuch auf unserer Website und \u00fcber Ihr Interesse an unserem Angebot. Wir wollen, dass Sie sich auf unserer Website wohlf\u00fchlen und sich keine Sorgen \u00fcber die Vertraulichkeit Ihrer Daten machen m\u00fcssen. Wir f\u00fchlen uns dem Datenschutz sehr verpflichtet und halten Transparenz im Umgang mit Ihren Daten f\u00fcr sehr [&hellip;]\" \/>\n<meta property=\"og:url\" content=\"https:\/\/sk.comline-elektronik.de\/de\/datenschutz\/\" \/>\n<meta property=\"og:site_name\" content=\"Comline Elektronik s.r.o.\" \/>\n<meta property=\"article:modified_time\" content=\"2022-11-15T14:36:33+00:00\" \/>\n<meta name=\"twitter:card\" content=\"summary_large_image\" \/>\n<meta name=\"twitter:label1\" content=\"Gesch\u00e4tzte Lesezeit\" \/>\n\t<meta name=\"twitter:data1\" content=\"5\u00a0Minuten\" \/>\n<script type=\"application\/ld+json\" class=\"yoast-schema-graph\">{\"@context\":\"https:\\\/\\\/schema.org\",\"@graph\":[{\"@type\":\"WebPage\",\"@id\":\"https:\\\/\\\/sk.comline-elektronik.de\\\/de\\\/datenschutz\\\/\",\"url\":\"https:\\\/\\\/sk.comline-elektronik.de\\\/de\\\/datenschutz\\\/\",\"name\":\"Datenschutz - Comline Elektronik s.r.o.\",\"isPartOf\":{\"@id\":\"https:\\\/\\\/sk.comline-elektronik.de\\\/#website\"},\"datePublished\":\"2022-11-10T14:58:36+00:00\",\"dateModified\":\"2022-11-15T14:36:33+00:00\",\"breadcrumb\":{\"@id\":\"https:\\\/\\\/sk.comline-elektronik.de\\\/de\\\/datenschutz\\\/#breadcrumb\"},\"inLanguage\":\"de\",\"potentialAction\":[{\"@type\":\"ReadAction\",\"target\":[\"https:\\\/\\\/sk.comline-elektronik.de\\\/de\\\/datenschutz\\\/\"]}]},{\"@type\":\"BreadcrumbList\",\"@id\":\"https:\\\/\\\/sk.comline-elektronik.de\\\/de\\\/datenschutz\\\/#breadcrumb\",\"itemListElement\":[{\"@type\":\"ListItem\",\"position\":1,\"name\":\"Startseite\",\"item\":\"https:\\\/\\\/sk.comline-elektronik.de\\\/de\\\/\"},{\"@type\":\"ListItem\",\"position\":2,\"name\":\"Datenschutz\"}]},{\"@type\":\"WebSite\",\"@id\":\"https:\\\/\\\/sk.comline-elektronik.de\\\/#website\",\"url\":\"https:\\\/\\\/sk.comline-elektronik.de\\\/\",\"name\":\"Comline Elektronik s.r.o.\",\"description\":\"Eine weitere Comline Elektronik Elektrotechnik Website\",\"publisher\":{\"@id\":\"https:\\\/\\\/sk.comline-elektronik.de\\\/#organization\"},\"potentialAction\":[{\"@type\":\"SearchAction\",\"target\":{\"@type\":\"EntryPoint\",\"urlTemplate\":\"https:\\\/\\\/sk.comline-elektronik.de\\\/?s={search_term_string}\"},\"query-input\":{\"@type\":\"PropertyValueSpecification\",\"valueRequired\":true,\"valueName\":\"search_term_string\"}}],\"inLanguage\":\"de\"},{\"@type\":\"Organization\",\"@id\":\"https:\\\/\\\/sk.comline-elektronik.de\\\/#organization\",\"name\":\"Comline Elektronik s.r.o.\",\"url\":\"https:\\\/\\\/sk.comline-elektronik.de\\\/\",\"logo\":{\"@type\":\"ImageObject\",\"inLanguage\":\"de\",\"@id\":\"https:\\\/\\\/sk.comline-elektronik.de\\\/#\\\/schema\\\/logo\\\/image\\\/\",\"url\":\"https:\\\/\\\/sk.comline-elektronik.de\\\/wp-content\\\/uploads\\\/sites\\\/6\\\/2022\\\/11\\\/Comline-sro_Logo_200px-opt.jpg\",\"contentUrl\":\"https:\\\/\\\/sk.comline-elektronik.de\\\/wp-content\\\/uploads\\\/sites\\\/6\\\/2022\\\/11\\\/Comline-sro_Logo_200px-opt.jpg\",\"width\":200,\"height\":88,\"caption\":\"Comline Elektronik s.r.o.\"},\"image\":{\"@id\":\"https:\\\/\\\/sk.comline-elektronik.de\\\/#\\\/schema\\\/logo\\\/image\\\/\"}}]}<\/script>\n<!-- \/ Yoast SEO plugin. -->","yoast_head_json":{"title":"Datenschutz - Comline Elektronik s.r.o.","robots":{"index":"index","follow":"follow","max-snippet":"max-snippet:-1","max-image-preview":"max-image-preview:large","max-video-preview":"max-video-preview:-1"},"canonical":"https:\/\/sk.comline-elektronik.de\/de\/datenschutz\/","og_locale":"de_DE","og_type":"article","og_title":"Datenschutz - Comline Elektronik s.r.o.","og_description":"Datenschutzerkl\u00e4rung Datenschutz Wir freuen uns \u00fcber Ihren Besuch auf unserer Website und \u00fcber Ihr Interesse an unserem Angebot. Wir wollen, dass Sie sich auf unserer Website wohlf\u00fchlen und sich keine Sorgen \u00fcber die Vertraulichkeit Ihrer Daten machen m\u00fcssen. Wir f\u00fchlen uns dem Datenschutz sehr verpflichtet und halten Transparenz im Umgang mit Ihren Daten f\u00fcr sehr [&hellip;]","og_url":"https:\/\/sk.comline-elektronik.de\/de\/datenschutz\/","og_site_name":"Comline Elektronik s.r.o.","article_modified_time":"2022-11-15T14:36:33+00:00","twitter_card":"summary_large_image","twitter_misc":{"Gesch\u00e4tzte Lesezeit":"5\u00a0Minuten"},"schema":{"@context":"https:\/\/schema.org","@graph":[{"@type":"WebPage","@id":"https:\/\/sk.comline-elektronik.de\/de\/datenschutz\/","url":"https:\/\/sk.comline-elektronik.de\/de\/datenschutz\/","name":"Datenschutz - Comline Elektronik s.r.o.","isPartOf":{"@id":"https:\/\/sk.comline-elektronik.de\/#website"},"datePublished":"2022-11-10T14:58:36+00:00","dateModified":"2022-11-15T14:36:33+00:00","breadcrumb":{"@id":"https:\/\/sk.comline-elektronik.de\/de\/datenschutz\/#breadcrumb"},"inLanguage":"de","potentialAction":[{"@type":"ReadAction","target":["https:\/\/sk.comline-elektronik.de\/de\/datenschutz\/"]}]},{"@type":"BreadcrumbList","@id":"https:\/\/sk.comline-elektronik.de\/de\/datenschutz\/#breadcrumb","itemListElement":[{"@type":"ListItem","position":1,"name":"Startseite","item":"https:\/\/sk.comline-elektronik.de\/de\/"},{"@type":"ListItem","position":2,"name":"Datenschutz"}]},{"@type":"WebSite","@id":"https:\/\/sk.comline-elektronik.de\/#website","url":"https:\/\/sk.comline-elektronik.de\/","name":"Comline Elektronik s.r.o.","description":"Eine weitere Comline Elektronik Elektrotechnik Website","publisher":{"@id":"https:\/\/sk.comline-elektronik.de\/#organization"},"potentialAction":[{"@type":"SearchAction","target":{"@type":"EntryPoint","urlTemplate":"https:\/\/sk.comline-elektronik.de\/?s={search_term_string}"},"query-input":{"@type":"PropertyValueSpecification","valueRequired":true,"valueName":"search_term_string"}}],"inLanguage":"de"},{"@type":"Organization","@id":"https:\/\/sk.comline-elektronik.de\/#organization","name":"Comline Elektronik s.r.o.","url":"https:\/\/sk.comline-elektronik.de\/","logo":{"@type":"ImageObject","inLanguage":"de","@id":"https:\/\/sk.comline-elektronik.de\/#\/schema\/logo\/image\/","url":"https:\/\/sk.comline-elektronik.de\/wp-content\/uploads\/sites\/6\/2022\/11\/Comline-sro_Logo_200px-opt.jpg","contentUrl":"https:\/\/sk.comline-elektronik.de\/wp-content\/uploads\/sites\/6\/2022\/11\/Comline-sro_Logo_200px-opt.jpg","width":200,"height":88,"caption":"Comline Elektronik s.r.o."},"image":{"@id":"https:\/\/sk.comline-elektronik.de\/#\/schema\/logo\/image\/"}}]}},"_links":{"self":[{"href":"https:\/\/sk.comline-elektronik.de\/de\/wp-json\/wp\/v2\/pages\/710","targetHints":{"allow":["GET"]}}],"collection":[{"href":"https:\/\/sk.comline-elektronik.de\/de\/wp-json\/wp\/v2\/pages"}],"about":[{"href":"https:\/\/sk.comline-elektronik.de\/de\/wp-json\/wp\/v2\/types\/page"}],"author":[{"embeddable":true,"href":"https:\/\/sk.comline-elektronik.de\/de\/wp-json\/wp\/v2\/users\/2"}],"replies":[{"embeddable":true,"href":"https:\/\/sk.comline-elektronik.de\/de\/wp-json\/wp\/v2\/comments?post=710"}],"version-history":[{"count":7,"href":"https:\/\/sk.comline-elektronik.de\/de\/wp-json\/wp\/v2\/pages\/710\/revisions"}],"predecessor-version":[{"id":889,"href":"https:\/\/sk.comline-elektronik.de\/de\/wp-json\/wp\/v2\/pages\/710\/revisions\/889"}],"wp:attachment":[{"href":"https:\/\/sk.comline-elektronik.de\/de\/wp-json\/wp\/v2\/media?parent=710"}],"curies":[{"name":"wp","href":"https:\/\/api.w.org\/{rel}","templated":true}]}}